{"id":8,"date":"2023-10-19T07:25:11","date_gmt":"2023-10-19T07:25:11","guid":{"rendered":"https:\/\/ferienwohnung-engel.at\/?page_id=8"},"modified":"2024-09-11T10:06:56","modified_gmt":"2024-09-11T10:06:56","slug":"ferienwohnung-engel-ramsau-im-zillertal-2","status":"publish","type":"page","link":"https:\/\/ferienwohnung-engel.at\/en\/","title":{"rendered":"Apartment Engel \u2013 Ramsau in the Zillervalley"},"content":{"rendered":"<p style=\"text-align: center;\">Are you looking for a holiday apartment away from the hustle and bustle, where you can enjoy a few quiet days? Then you've come to the right place! With our beautiful holiday apartment, we have set ourselves the goal of ensuring that you spend an unforgettable time in the Zillertal and feel like home!<\/p>\n\n\n<div class=\"wp-block-group alignfull has-background is-layout-flow wp-block-group-is-layout-flow\" style=\"background-color:#e5e9ec\">\n<div class=\"wp-block-columns is-layout-flex wp-container-core-columns-is-layout-8ca309d6 wp-block-columns-is-layout-flex\" style=\"padding-top:var(--wp--preset--spacing--small);padding-right:var(--wp--preset--spacing--medium);padding-bottom:var(--wp--preset--spacing--small);padding-left:var(--wp--preset--spacing--medium)\">\n<div class=\"wp-block-column is-vertically-aligned-center is-layout-flow wp-block-column-is-layout-flow\">\n<h2 class=\"wp-block-heading\">Location<\/h2>\n\n\n\n<p class=\"has-text-align-left\">Our apartment is located on the sunny side of the valley, approximately 2 km away from Mayrhofen and about 1 km away from the skiing area Horberg\/Penken. We are situated on the hillside that means a stunning view of the mountains is guaranteed.&nbsp;<\/p>\n\n\n\n<div class=\"wp-block-buttons is-horizontal is-content-justification-center is-layout-flex wp-container-core-buttons-is-layout-03627597 wp-block-buttons-is-layout-flex\">\n<div class=\"wp-block-button is-style-outline is-style-outline--1\"><a class=\"wp-block-button__link wp-element-button\" href=\"https:\/\/ferienwohnung-engel.at\/en\/about\/\">more infos here<\/a><\/div>\n<\/div>\n\n\n\n<p><\/p>\n<\/div>\n\n\n\n<div class=\"wp-block-column is-layout-flow wp-block-column-is-layout-flow\">\n<div style=\"height:48px\" aria-hidden=\"true\" class=\"wp-block-spacer\"><\/div>\n\n\n\n<div class=\"wp-block-stevehenty-drop-shadow-box dropshadowboxes-container\" style=\"width:auto\"><div class=\"dropshadowboxes-drop-shadow dropshadowboxes-lifted-both dropshadowboxes-rounded-corners dropshadowboxes-inside-and-outside-shadow\" style=\"background-color:#FFFFFF;border-style:solid;border-width:2px;border-color:#DDDDDD;width:;padding:10px\"><div>\n<figure class=\"wp-block-image size-full\"><img loading=\"lazy\" decoding=\"async\" width=\"1200\" height=\"798\" src=\"https:\/\/ferienwohnung-engel.at\/wp-content\/uploads\/2023\/10\/01-1.jpg\" alt=\"\" class=\"wp-image-75\" style=\"object-fit:contain\" srcset=\"https:\/\/ferienwohnung-engel.at\/wp-content\/uploads\/2023\/10\/01-1.jpg 1200w, https:\/\/ferienwohnung-engel.at\/wp-content\/uploads\/2023\/10\/01-1-300x200.jpg 300w, https:\/\/ferienwohnung-engel.at\/wp-content\/uploads\/2023\/10\/01-1-1024x681.jpg 1024w, https:\/\/ferienwohnung-engel.at\/wp-content\/uploads\/2023\/10\/01-1-768x511.jpg 768w\" sizes=\"auto, (max-width: 1200px) 100vw, 1200px\" \/><\/figure>\n<\/div><\/div><\/div>\n<\/div>\n<\/div>\n<\/div>\n\n\n\n<div class=\"wp-block-group alignfull is-layout-flow wp-block-group-is-layout-flow\">\n<div style=\"height:45px\" aria-hidden=\"true\" class=\"wp-block-spacer\"><\/div>\n\n\n\n<div class=\"wp-block-columns are-vertically-aligned-center is-layout-flex wp-container-core-columns-is-layout-8ca309d6 wp-block-columns-is-layout-flex\" style=\"padding-top:var(--wp--preset--spacing--small);padding-right:var(--wp--preset--spacing--medium);padding-bottom:var(--wp--preset--spacing--small);padding-left:var(--wp--preset--spacing--medium)\">\n<div class=\"wp-block-column is-vertically-aligned-center is-layout-flow wp-block-column-is-layout-flow\">\n<div class=\"wp-block-stevehenty-drop-shadow-box dropshadowboxes-container\" style=\"width:auto\"><div class=\"dropshadowboxes-drop-shadow dropshadowboxes-lifted-both dropshadowboxes-rounded-corners dropshadowboxes-inside-and-outside-shadow\" style=\"background-color:#FFFFFF;border-style:solid;border-width:2px;border-color:#DDDDDD;width:;padding:10px\"><div>\n<figure class=\"wp-block-image size-large\"><img loading=\"lazy\" decoding=\"async\" width=\"1024\" height=\"683\" src=\"https:\/\/ferienwohnung-engel.at\/wp-content\/uploads\/2023\/10\/05-1-1024x683.jpg\" alt=\"\" class=\"wp-image-40\" style=\"aspect-ratio:1.499267935578331;object-fit:cover\" srcset=\"https:\/\/ferienwohnung-engel.at\/wp-content\/uploads\/2023\/10\/05-1-1024x683.jpg 1024w, https:\/\/ferienwohnung-engel.at\/wp-content\/uploads\/2023\/10\/05-1-300x200.jpg 300w, https:\/\/ferienwohnung-engel.at\/wp-content\/uploads\/2023\/10\/05-1-768x512.jpg 768w, https:\/\/ferienwohnung-engel.at\/wp-content\/uploads\/2023\/10\/05-1.jpg 1200w\" sizes=\"auto, (max-width: 1024px) 100vw, 1024px\" \/><\/figure>\n<\/div><\/div><\/div>\n<\/div>\n\n\n\n<div class=\"wp-block-column is-vertically-aligned-center is-layout-flow wp-block-column-is-layout-flow\">\n<h2 class=\"wp-block-heading\">Apartment<\/h2>\n\n\n\n<p class=\"has-text-align-left\"><strong>Our apartment offers every comfort<\/strong>:<\/p>\n\n\n\n<p class=\"has-text-align-left\">A cozy living room with sofa and sitting area, Fully equipped kitchen , Three separate bedrooms with big double beds and much more...<\/p>\n\n\n\n<p class=\"has-text-align-left\"><\/p>\n\n\n\n<div class=\"wp-block-buttons is-content-justification-center is-layout-flex wp-container-core-buttons-is-layout-a89b3969 wp-block-buttons-is-layout-flex\">\n<div class=\"wp-block-button is-style-outline is-style-outline--2\"><a class=\"wp-block-button__link wp-element-button\" href=\"https:\/\/ferienwohnung-engel.at\/en\/about\/\">more infos here<\/a><\/div>\n<\/div>\n<\/div>\n<\/div>\n\n\n\n<div style=\"height:45px\" aria-hidden=\"true\" class=\"wp-block-spacer\"><\/div>\n<\/div>\n\n\n\n<div class=\"wp-block-group alignfull has-black-background-color has-background is-layout-flow wp-block-group-is-layout-flow\">\n<h2 class=\"wp-block-heading has-text-align-center has-white-color has-text-color\" style=\"padding-top:var(--wp--preset--spacing--x-small);padding-right:var(--wp--preset--spacing--x-small);padding-bottom:var(--wp--preset--spacing--x-small);padding-left:var(--wp--preset--spacing--x-small)\">impressions<\/h2>\n\n\n\n<figure class=\"wp-block-gallery aligncenter has-nested-images columns-default is-cropped wp-block-gallery-3 is-layout-flex wp-block-gallery-is-layout-flex\">\n<figure class=\"wp-block-image size-large\"><img loading=\"lazy\" decoding=\"async\" width=\"1024\" height=\"683\" data-id=\"37\" src=\"https:\/\/ferienwohnung-engel.at\/wp-content\/uploads\/2023\/10\/02-1024x683.jpg\" alt=\"\" class=\"wp-image-37\" srcset=\"https:\/\/ferienwohnung-engel.at\/wp-content\/uploads\/2023\/10\/02-1024x683.jpg 1024w, https:\/\/ferienwohnung-engel.at\/wp-content\/uploads\/2023\/10\/02-300x200.jpg 300w, https:\/\/ferienwohnung-engel.at\/wp-content\/uploads\/2023\/10\/02-768x512.jpg 768w, https:\/\/ferienwohnung-engel.at\/wp-content\/uploads\/2023\/10\/02.jpg 1200w\" sizes=\"auto, (max-width: 1024px) 100vw, 1024px\" \/><\/figure>\n\n\n\n<figure class=\"wp-block-image size-large\"><img loading=\"lazy\" decoding=\"async\" width=\"1024\" height=\"683\" data-id=\"38\" src=\"https:\/\/ferienwohnung-engel.at\/wp-content\/uploads\/2023\/10\/03-1024x683.jpg\" alt=\"\" class=\"wp-image-38\" srcset=\"https:\/\/ferienwohnung-engel.at\/wp-content\/uploads\/2023\/10\/03-1024x683.jpg 1024w, https:\/\/ferienwohnung-engel.at\/wp-content\/uploads\/2023\/10\/03-300x200.jpg 300w, https:\/\/ferienwohnung-engel.at\/wp-content\/uploads\/2023\/10\/03-768x512.jpg 768w, https:\/\/ferienwohnung-engel.at\/wp-content\/uploads\/2023\/10\/03.jpg 1200w\" sizes=\"auto, (max-width: 1024px) 100vw, 1024px\" \/><\/figure>\n\n\n\n<figure class=\"wp-block-image size-large\"><img loading=\"lazy\" decoding=\"async\" width=\"1024\" height=\"683\" data-id=\"39\" src=\"https:\/\/ferienwohnung-engel.at\/wp-content\/uploads\/2023\/10\/04-1024x683.jpg\" alt=\"\" class=\"wp-image-39\" srcset=\"https:\/\/ferienwohnung-engel.at\/wp-content\/uploads\/2023\/10\/04-1024x683.jpg 1024w, https:\/\/ferienwohnung-engel.at\/wp-content\/uploads\/2023\/10\/04-300x200.jpg 300w, https:\/\/ferienwohnung-engel.at\/wp-content\/uploads\/2023\/10\/04-768x512.jpg 768w, https:\/\/ferienwohnung-engel.at\/wp-content\/uploads\/2023\/10\/04.jpg 1200w\" sizes=\"auto, (max-width: 1024px) 100vw, 1024px\" \/><\/figure>\n\n\n\n<figure class=\"wp-block-image size-large\"><img loading=\"lazy\" decoding=\"async\" width=\"1024\" height=\"614\" data-id=\"25\" src=\"https:\/\/ferienwohnung-engel.at\/wp-content\/uploads\/2023\/10\/cropped-cache_5091865-1024x614.jpg\" alt=\"\" class=\"wp-image-25\" srcset=\"https:\/\/ferienwohnung-engel.at\/wp-content\/uploads\/2023\/10\/cropped-cache_5091865-1024x614.jpg 1024w, https:\/\/ferienwohnung-engel.at\/wp-content\/uploads\/2023\/10\/cropped-cache_5091865-300x180.jpg 300w, https:\/\/ferienwohnung-engel.at\/wp-content\/uploads\/2023\/10\/cropped-cache_5091865-768x461.jpg 768w, https:\/\/ferienwohnung-engel.at\/wp-content\/uploads\/2023\/10\/cropped-cache_5091865-1536x922.jpg 1536w, https:\/\/ferienwohnung-engel.at\/wp-content\/uploads\/2023\/10\/cropped-cache_5091865-18x12.jpg 18w, https:\/\/ferienwohnung-engel.at\/wp-content\/uploads\/2023\/10\/cropped-cache_5091865.jpg 2000w\" sizes=\"auto, (max-width: 1024px) 100vw, 1024px\" \/><\/figure>\n\n\n\n<figure class=\"wp-block-image size-large\"><img loading=\"lazy\" decoding=\"async\" width=\"1024\" height=\"683\" data-id=\"43\" src=\"https:\/\/ferienwohnung-engel.at\/wp-content\/uploads\/2023\/10\/07-1024x683.jpg\" alt=\"\" class=\"wp-image-43\" srcset=\"https:\/\/ferienwohnung-engel.at\/wp-content\/uploads\/2023\/10\/07-1024x683.jpg 1024w, https:\/\/ferienwohnung-engel.at\/wp-content\/uploads\/2023\/10\/07-300x200.jpg 300w, https:\/\/ferienwohnung-engel.at\/wp-content\/uploads\/2023\/10\/07-768x512.jpg 768w, https:\/\/ferienwohnung-engel.at\/wp-content\/uploads\/2023\/10\/07.jpg 1200w\" sizes=\"auto, (max-width: 1024px) 100vw, 1024px\" \/><\/figure>\n\n\n\n<figure class=\"wp-block-image size-large\"><img loading=\"lazy\" decoding=\"async\" width=\"1024\" height=\"683\" data-id=\"41\" src=\"https:\/\/ferienwohnung-engel.at\/wp-content\/uploads\/2023\/10\/06-1024x683.jpg\" alt=\"\" class=\"wp-image-41\" srcset=\"https:\/\/ferienwohnung-engel.at\/wp-content\/uploads\/2023\/10\/06-1024x683.jpg 1024w, https:\/\/ferienwohnung-engel.at\/wp-content\/uploads\/2023\/10\/06-300x200.jpg 300w, https:\/\/ferienwohnung-engel.at\/wp-content\/uploads\/2023\/10\/06-768x512.jpg 768w, https:\/\/ferienwohnung-engel.at\/wp-content\/uploads\/2023\/10\/06.jpg 1200w\" sizes=\"auto, (max-width: 1024px) 100vw, 1024px\" \/><\/figure>\n<\/figure>\n\n\n\n<div class=\"wp-block-buttons is-content-justification-center is-layout-flex wp-container-core-buttons-is-layout-a89b3969 wp-block-buttons-is-layout-flex\">\n<div class=\"wp-block-button is-style-fill\"><a class=\"wp-block-button__link wp-element-button\" href=\"https:\/\/ferienwohnung-engel.at\/en\/galerie\/\">more impressions<\/a><\/div>\n<\/div>\n<\/div>\n\n\n\n<div class=\"wp-block-cover alignfull is-light has-parallax is-position-center-center\" style=\"min-height:375px;aspect-ratio:unset;\"><span aria-hidden=\"true\" class=\"wp-block-cover__background has-black-background-color has-background-dim-40 has-background-dim\"><\/span><div class=\"wp-block-cover__image-background wp-image-47 has-parallax\" style=\"background-position:50% 50%;background-image:url(https:\/\/ferienwohnung-engel.at\/wp-content\/uploads\/2023\/10\/cache_5091865-1.jpg)\"><\/div><div class=\"wp-block-cover__inner-container is-layout-flow wp-block-cover-is-layout-flow\">\n<p class=\"has-text-align-center has-text-color\" style=\"color:#fffffa;font-size:clamp(26.465px, 1.654rem + ((1vw - 3.2px) * 1.64), 45px);font-style:italic;font-weight:500;line-height:1.1\">We look forward<strong> <\/strong>to your inquiry<strong>!<\/strong><\/p>\n\n\n\n<p class=\"has-text-align-center\"><\/p>\n\n\n\n<div style=\"height:39px\" aria-hidden=\"true\" class=\"wp-block-spacer\"><\/div>\n\n\n\n<div class=\"wp-block-buttons is-horizontal is-content-justification-center is-layout-flex wp-container-core-buttons-is-layout-03627597 wp-block-buttons-is-layout-flex\">\n<div class=\"wp-block-button is-style-fill\"><a class=\"wp-block-button__link has-white-color has-text-color wp-element-button\" href=\"https:\/\/ferienwohnung-engel.at\/en\/kontakt\/\">Booking Request<\/a><\/div>\n<\/div>\n<\/div><\/div>\n\n\n\n<p><\/p>","protected":false},"excerpt":{"rendered":"<p>Sie sind auf der Suche nach einer Ferienwohnung abseits des Trubels, wo Sie ein paar ruhige Urlaubstage genie\u00dfen k\u00f6nnen? Dann sind Sie bei uns richtig! Mit unserer sch\u00f6nen Ferienwohnung haben wir es uns zum Ziel gesetzt, dass Sie eine unvergessliche Zeit im Zillertal verbringen und sich rundum wohlf\u00fchlen! Lage Die Ferienwohnung Engel befindet sich auf &hellip; <\/p>\n<p class=\"link-more\"><a href=\"https:\/\/ferienwohnung-engel.at\/en\/\" class=\"more-link\">Read more<span class=\"screen-reader-text\"> &#8222;Ferienwohnung Engel &#8211; Ramsau im Zillertal&#8220;<\/span><\/a><\/p>","protected":false},"author":1,"featured_media":0,"parent":0,"menu_order":0,"comment_status":"closed","ping_status":"closed","template":"","meta":{"inspiro_hide_title":false,"footnotes":""},"class_list":["post-8","page","type-page","status-publish","hentry"],"yoast_head":"<!-- This site is optimized with the Yoast SEO plugin v27.4 - https:\/\/yoast.com\/product\/yoast-seo-wordpress\/ -->\n<title>Ferienwohnung Engel - Ramsau im Zillertal - Ferienwohnung Engel<\/title>\n<meta name=\"description\" content=\"Ferienwohnung Engel\" \/>\n<meta name=\"robots\" content=\"index, follow, max-snippet:-1, max-image-preview:large, max-video-preview:-1\" \/>\n<link rel=\"canonical\" href=\"https:\/\/ferienwohnung-engel.at\/en\/\" \/>\n<meta property=\"og:locale\" content=\"en_GB\" \/>\n<meta property=\"og:type\" content=\"article\" \/>\n<meta property=\"og:title\" content=\"Ferienwohnung Engel - Ramsau im Zillertal - Ferienwohnung Engel\" \/>\n<meta property=\"og:description\" content=\"Ferienwohnung Engel\" \/>\n<meta property=\"og:url\" content=\"https:\/\/ferienwohnung-engel.at\/en\/\" \/>\n<meta property=\"og:site_name\" content=\"Ferienwohnung Engel\" \/>\n<meta property=\"article:modified_time\" content=\"2024-09-11T10:06:56+00:00\" \/>\n<meta property=\"og:image\" content=\"https:\/\/ferienwohnung-engel.at\/wp-content\/uploads\/2023\/10\/01-1.jpg\" \/>\n<meta name=\"twitter:card\" content=\"summary_large_image\" \/>\n<meta name=\"twitter:label1\" content=\"Estimated reading time\" \/>\n\t<meta name=\"twitter:data1\" content=\"3 minutes\" \/>\n<script type=\"application\/ld+json\" class=\"yoast-schema-graph\">{\"@context\":\"https:\\\/\\\/schema.org\",\"@graph\":[{\"@type\":\"WebPage\",\"@id\":\"https:\\\/\\\/ferienwohnung-engel.at\\\/\",\"url\":\"https:\\\/\\\/ferienwohnung-engel.at\\\/\",\"name\":\"Ferienwohnung Engel - Ramsau im Zillertal - Ferienwohnung Engel\",\"isPartOf\":{\"@id\":\"https:\\\/\\\/fewo-engel23-mhn3gtdoj6.live-website.com\\\/#website\"},\"primaryImageOfPage\":{\"@id\":\"https:\\\/\\\/ferienwohnung-engel.at\\\/#primaryimage\"},\"image\":{\"@id\":\"https:\\\/\\\/ferienwohnung-engel.at\\\/#primaryimage\"},\"thumbnailUrl\":\"https:\\\/\\\/ferienwohnung-engel.at\\\/wp-content\\\/uploads\\\/2023\\\/10\\\/01-1.jpg\",\"datePublished\":\"2023-10-19T07:25:11+00:00\",\"dateModified\":\"2024-09-11T10:06:56+00:00\",\"description\":\"Ferienwohnung Engel\",\"breadcrumb\":{\"@id\":\"https:\\\/\\\/ferienwohnung-engel.at\\\/#breadcrumb\"},\"inLanguage\":\"en-GB\",\"potentialAction\":[{\"@type\":\"ReadAction\",\"target\":[\"https:\\\/\\\/ferienwohnung-engel.at\\\/\"]}]},{\"@type\":\"ImageObject\",\"inLanguage\":\"en-GB\",\"@id\":\"https:\\\/\\\/ferienwohnung-engel.at\\\/#primaryimage\",\"url\":\"https:\\\/\\\/ferienwohnung-engel.at\\\/wp-content\\\/uploads\\\/2023\\\/10\\\/01-1.jpg\",\"contentUrl\":\"https:\\\/\\\/ferienwohnung-engel.at\\\/wp-content\\\/uploads\\\/2023\\\/10\\\/01-1.jpg\"},{\"@type\":\"BreadcrumbList\",\"@id\":\"https:\\\/\\\/ferienwohnung-engel.at\\\/#breadcrumb\",\"itemListElement\":[{\"@type\":\"ListItem\",\"position\":1,\"name\":\"Home\",\"item\":\"https:\\\/\\\/ferienwohnung-engel.at\\\/\"},{\"@type\":\"ListItem\",\"position\":2,\"name\":\"Ferienwohnung Engel &#8211; Ramsau im Zillertal\"}]},{\"@type\":\"WebSite\",\"@id\":\"https:\\\/\\\/fewo-engel23-mhn3gtdoj6.live-website.com\\\/#website\",\"url\":\"https:\\\/\\\/fewo-engel23-mhn3gtdoj6.live-website.com\\\/\",\"name\":\"Ferienwohnung Engel\",\"description\":\"Ferienwohnung Engel Ramsau im Zillertal\",\"publisher\":{\"@id\":\"https:\\\/\\\/fewo-engel23-mhn3gtdoj6.live-website.com\\\/#\\\/schema\\\/person\\\/4eedf3c7810de6f37c5ce21d4f699c9e\"},\"potentialAction\":[{\"@type\":\"SearchAction\",\"target\":{\"@type\":\"EntryPoint\",\"urlTemplate\":\"https:\\\/\\\/fewo-engel23-mhn3gtdoj6.live-website.com\\\/?s={search_term_string}\"},\"query-input\":{\"@type\":\"PropertyValueSpecification\",\"valueRequired\":true,\"valueName\":\"search_term_string\"}}],\"inLanguage\":\"en-GB\"},{\"@type\":[\"Person\",\"Organization\"],\"@id\":\"https:\\\/\\\/fewo-engel23-mhn3gtdoj6.live-website.com\\\/#\\\/schema\\\/person\\\/4eedf3c7810de6f37c5ce21d4f699c9e\",\"name\":\"admin\",\"image\":{\"@type\":\"ImageObject\",\"inLanguage\":\"en-GB\",\"@id\":\"https:\\\/\\\/ferienwohnung-engel.at\\\/wp-content\\\/uploads\\\/2023\\\/10\\\/cropped-logo_fewo_engel.png\",\"url\":\"https:\\\/\\\/ferienwohnung-engel.at\\\/wp-content\\\/uploads\\\/2023\\\/10\\\/cropped-logo_fewo_engel.png\",\"contentUrl\":\"https:\\\/\\\/ferienwohnung-engel.at\\\/wp-content\\\/uploads\\\/2023\\\/10\\\/cropped-logo_fewo_engel.png\",\"width\":293,\"height\":152,\"caption\":\"admin\"},\"logo\":{\"@id\":\"https:\\\/\\\/ferienwohnung-engel.at\\\/wp-content\\\/uploads\\\/2023\\\/10\\\/cropped-logo_fewo_engel.png\"},\"sameAs\":[\"https:\\\/\\\/ferienwohnung-engel.at\"]}]}<\/script>\n<!-- \/ Yoast SEO plugin. -->","yoast_head_json":{"title":"Ferienwohnung Engel - Ramsau im Zillertal - Ferienwohnung Engel","description":"Ferienwohnung Engel","robots":{"index":"index","follow":"follow","max-snippet":"max-snippet:-1","max-image-preview":"max-image-preview:large","max-video-preview":"max-video-preview:-1"},"canonical":"https:\/\/ferienwohnung-engel.at\/en\/","og_locale":"en_GB","og_type":"article","og_title":"Ferienwohnung Engel - Ramsau im Zillertal - Ferienwohnung Engel","og_description":"Ferienwohnung Engel","og_url":"https:\/\/ferienwohnung-engel.at\/en\/","og_site_name":"Ferienwohnung Engel","article_modified_time":"2024-09-11T10:06:56+00:00","og_image":[{"url":"https:\/\/ferienwohnung-engel.at\/wp-content\/uploads\/2023\/10\/01-1.jpg","type":"","width":"","height":""}],"twitter_card":"summary_large_image","twitter_misc":{"Estimated reading time":"3 minutes"},"schema":{"@context":"https:\/\/schema.org","@graph":[{"@type":"WebPage","@id":"https:\/\/ferienwohnung-engel.at\/","url":"https:\/\/ferienwohnung-engel.at\/","name":"Ferienwohnung Engel - Ramsau im Zillertal - Ferienwohnung Engel","isPartOf":{"@id":"https:\/\/fewo-engel23-mhn3gtdoj6.live-website.com\/#website"},"primaryImageOfPage":{"@id":"https:\/\/ferienwohnung-engel.at\/#primaryimage"},"image":{"@id":"https:\/\/ferienwohnung-engel.at\/#primaryimage"},"thumbnailUrl":"https:\/\/ferienwohnung-engel.at\/wp-content\/uploads\/2023\/10\/01-1.jpg","datePublished":"2023-10-19T07:25:11+00:00","dateModified":"2024-09-11T10:06:56+00:00","description":"Ferienwohnung Engel","breadcrumb":{"@id":"https:\/\/ferienwohnung-engel.at\/#breadcrumb"},"inLanguage":"en-GB","potentialAction":[{"@type":"ReadAction","target":["https:\/\/ferienwohnung-engel.at\/"]}]},{"@type":"ImageObject","inLanguage":"en-GB","@id":"https:\/\/ferienwohnung-engel.at\/#primaryimage","url":"https:\/\/ferienwohnung-engel.at\/wp-content\/uploads\/2023\/10\/01-1.jpg","contentUrl":"https:\/\/ferienwohnung-engel.at\/wp-content\/uploads\/2023\/10\/01-1.jpg"},{"@type":"BreadcrumbList","@id":"https:\/\/ferienwohnung-engel.at\/#breadcrumb","itemListElement":[{"@type":"ListItem","position":1,"name":"Home","item":"https:\/\/ferienwohnung-engel.at\/"},{"@type":"ListItem","position":2,"name":"Ferienwohnung Engel &#8211; Ramsau im Zillertal"}]},{"@type":"WebSite","@id":"https:\/\/fewo-engel23-mhn3gtdoj6.live-website.com\/#website","url":"https:\/\/fewo-engel23-mhn3gtdoj6.live-website.com\/","name":"Ferienwohnung Engel","description":"Apartment Engel \u2013 Ramsau in the Zillervalley","publisher":{"@id":"https:\/\/fewo-engel23-mhn3gtdoj6.live-website.com\/#\/schema\/person\/4eedf3c7810de6f37c5ce21d4f699c9e"},"potentialAction":[{"@type":"SearchAction","target":{"@type":"EntryPoint","urlTemplate":"https:\/\/fewo-engel23-mhn3gtdoj6.live-website.com\/?s={search_term_string}"},"query-input":{"@type":"PropertyValueSpecification","valueRequired":true,"valueName":"search_term_string"}}],"inLanguage":"en-GB"},{"@type":["Person","Organization"],"@id":"https:\/\/fewo-engel23-mhn3gtdoj6.live-website.com\/#\/schema\/person\/4eedf3c7810de6f37c5ce21d4f699c9e","name":"admin","image":{"@type":"ImageObject","inLanguage":"en-GB","@id":"https:\/\/ferienwohnung-engel.at\/wp-content\/uploads\/2023\/10\/cropped-logo_fewo_engel.png","url":"https:\/\/ferienwohnung-engel.at\/wp-content\/uploads\/2023\/10\/cropped-logo_fewo_engel.png","contentUrl":"https:\/\/ferienwohnung-engel.at\/wp-content\/uploads\/2023\/10\/cropped-logo_fewo_engel.png","width":293,"height":152,"caption":"admin"},"logo":{"@id":"https:\/\/ferienwohnung-engel.at\/wp-content\/uploads\/2023\/10\/cropped-logo_fewo_engel.png"},"sameAs":["https:\/\/ferienwohnung-engel.at"]}]}},"_links":{"self":[{"href":"https:\/\/ferienwohnung-engel.at\/en\/wp-json\/wp\/v2\/pages\/8","targetHints":{"allow":["GET"]}}],"collection":[{"href":"https:\/\/ferienwohnung-engel.at\/en\/wp-json\/wp\/v2\/pages"}],"about":[{"href":"https:\/\/ferienwohnung-engel.at\/en\/wp-json\/wp\/v2\/types\/page"}],"author":[{"embeddable":true,"href":"https:\/\/ferienwohnung-engel.at\/en\/wp-json\/wp\/v2\/users\/1"}],"replies":[{"embeddable":true,"href":"https:\/\/ferienwohnung-engel.at\/en\/wp-json\/wp\/v2\/comments?post=8"}],"version-history":[{"count":65,"href":"https:\/\/ferienwohnung-engel.at\/en\/wp-json\/wp\/v2\/pages\/8\/revisions"}],"predecessor-version":[{"id":323,"href":"https:\/\/ferienwohnung-engel.at\/en\/wp-json\/wp\/v2\/pages\/8\/revisions\/323"}],"wp:attachment":[{"href":"https:\/\/ferienwohnung-engel.at\/en\/wp-json\/wp\/v2\/media?parent=8"}],"curies":[{"name":"wp","href":"https:\/\/api.w.org\/{rel}","templated":true}]}}